{"id":24637,"date":"2024-11-27T17:35:59","date_gmt":"2024-11-27T16:35:59","guid":{"rendered":"https:\/\/www.perriseassociati.com\/?page_id=24637"},"modified":"2024-11-27T17:46:14","modified_gmt":"2024-11-27T16:46:14","slug":"recruitment-information","status":"publish","type":"page","link":"https:\/\/www.perriseassociati.com\/en\/recruitment-information\/","title":{"rendered":"Recruitment information"},"content":{"rendered":"[vc_row type=&#8221;in_container&#8221; full_screen_row_position=&#8221;middle&#8221; column_margin=&#8221;default&#8221; column_direction=&#8221;default&#8221; column_direction_tablet=&#8221;default&#8221; column_direction_phone=&#8221;default&#8221; scene_position=&#8221;center&#8221; text_color=&#8221;dark&#8221; text_align=&#8221;left&#8221; row_border_radius=&#8221;none&#8221; row_border_radius_applies=&#8221;bg&#8221; overflow=&#8221;visible&#8221; overlay_strength=&#8221;0.3&#8243; gradient_direction=&#8221;left_to_right&#8221; shape_divider_position=&#8221;bottom&#8221; bg_image_animation=&#8221;none&#8221;][vc_column column_padding=&#8221;no-extra-padding&#8221; column_padding_tablet=&#8221;inherit&#8221; column_padding_phone=&#8221;inherit&#8221; column_padding_position=&#8221;all&#8221; column_element_direction_desktop=&#8221;default&#8221; column_element_spacing=&#8221;default&#8221; desktop_text_alignment=&#8221;default&#8221; tablet_text_alignment=&#8221;default&#8221; phone_text_alignment=&#8221;default&#8221; background_color_opacity=&#8221;1&#8243; background_hover_color_opacity=&#8221;1&#8243; column_backdrop_filter=&#8221;none&#8221; column_shadow=&#8221;none&#8221; column_border_radius=&#8221;none&#8221; column_link_target=&#8221;_self&#8221; column_position=&#8221;default&#8221; gradient_direction=&#8221;left_to_right&#8221; overlay_strength=&#8221;0.3&#8243; width=&#8221;1\/6&#8243; tablet_width_inherit=&#8221;default&#8221; animation_type=&#8221;default&#8221; bg_image_animation=&#8221;none&#8221; border_type=&#8221;simple&#8221; column_border_width=&#8221;none&#8221; column_border_style=&#8221;solid&#8221;][\/vc_column][vc_column column_padding=&#8221;no-extra-padding&#8221; column_padding_tablet=&#8221;inherit&#8221; column_padding_phone=&#8221;inherit&#8221; column_padding_position=&#8221;all&#8221; column_element_direction_desktop=&#8221;default&#8221; column_element_spacing=&#8221;default&#8221; desktop_text_alignment=&#8221;default&#8221; tablet_text_alignment=&#8221;default&#8221; phone_text_alignment=&#8221;default&#8221; background_color_opacity=&#8221;1&#8243; background_hover_color_opacity=&#8221;1&#8243; column_backdrop_filter=&#8221;none&#8221; column_shadow=&#8221;none&#8221; column_border_radius=&#8221;none&#8221; column_link_target=&#8221;_self&#8221; column_position=&#8221;default&#8221; gradient_direction=&#8221;left_to_right&#8221; overlay_strength=&#8221;0.3&#8243; width=&#8221;2\/3&#8243; tablet_width_inherit=&#8221;default&#8221; animation_type=&#8221;default&#8221; bg_image_animation=&#8221;none&#8221; border_type=&#8221;simple&#8221; column_border_width=&#8221;none&#8221; column_border_style=&#8221;solid&#8221;][vc_column_text]\n<h1 class=\"p1\">Informativa Recruiting<\/h1>\n<p class=\"p1\">Lo Studio SCST S.r.l. Societ\u00e0 tra Professionisti, con sede legale in Milano, Via Santa Maria Fulcorina 15, sede operativa in Milano, Piazza degli Affari, n. 3, 20123, P. IVA 08839420968 (di seguito \u201c<b>Perris e Associati<\/b>\u201d o lo \u201c<b>Studio<\/b>\u201d) garantisce che il trattamento dei dati personali di coloro che vorranno farci pervenire il loro curriculum vitae si svolger\u00e0 nel rispetto dei loro diritti, delle loro libert\u00e0 fondamentali, nonch\u00e9 della loro dignit\u00e0, secondo quanto previsto dal D. Lgs. 30 giugno 2003, n. 196 e del Regolamento Europeo sulla protezione dei dati personali, in acronimo GDPR<span class=\"Apple-converted-space\">\u00a0 <\/span>679\/2016 (il \u201c<b>Regolamento<\/b>\u201d).<\/p>\n<p>&nbsp;<\/p>\n<p class=\"p1\">Vi informiamo che il trattamento dei dati che vorrete inviarci ha la sola finalit\u00e0 di ricerca, valutazione e selezione del personale e dei candidati per l\u2019instaurazione di un rapporto di lavoro o di collaborazione con Perris e Associati. Il trattamento previsto sar\u00e0 effettuato con utilizzo sia di supporti cartacei sia elettronici.<\/p>\n<p>&nbsp;<\/p>\n<p class=\"p1\">In particolare i suoi dati personali raccolti, attraverso la sezione web \u201clavora con noi\u201d del sito web, sono essenzialmente identificativi e curriculari e verranno trattati per procedere alla verifica delle competenze necessarie per l\u2019assunzione o per l\u2019inizio di una collaborazione lavorativa con lo Studio. Il candidato dovr\u00e0 solo indicare dati comuni (titoli di studio, dati anagrafici, esperienze lavorative) e non dovr\u00e0 indicare alcun dato particolare e\/o sensibile (art. 9 del Regolamento). Per quanto concerne i dati sensibili di lavoratori diversamente abili in applicazione della vigente normativa, si precisa di non indicare alcuna patologia ma di indicare solamente di essere in possesso di tali requisiti. Il conferimento dei dati stessi \u00e8 facoltativo, tuttavia il suo rifiuto a fornirli determiner\u00e0 unicamente per lo Studio l\u2019impossibilit\u00e0 di trattare i suoi dati e conseguentemente, di instaurare eventuali rapporti di lavoro. I suoi dati personali saranno conservati per un massimo di 24 mesi a partire dalla data di invio. I dati raccolti dallo Studio non saranno diffusi e potranno essere comunicati ad incaricati che operano la selezione dei collaboratori e ad addetti agli uffici amministrativi interni, nonch\u00e9 a propri consulenti esterni per tutto quanto necessario al solo ed unico fine di perseguire nel migliore dei modi le finalit\u00e0 sopra specificate.<\/p>\n<p>&nbsp;<\/p>\n<p class=\"p1\">Le ricordiamo che ha il diritto di ottenere da Perris e Associati, nei casi previsti, l\u2019accesso ai dati personali e la rettifica o la cancellazione degli stessi o la limitazione del trattamento che la riguarda o di opporsi al trattamento (artt. 15 e ss. del Regolamento). L\u2019apposita istanza allo Studio \u00e8 presentata scrivendo a: recruiting@perriseassociati.it.<\/p>\n[\/vc_column_text][\/vc_column][vc_column column_padding=&#8221;no-extra-padding&#8221; column_padding_tablet=&#8221;inherit&#8221; column_padding_phone=&#8221;inherit&#8221; column_padding_position=&#8221;all&#8221; column_element_direction_desktop=&#8221;default&#8221; column_element_spacing=&#8221;default&#8221; desktop_text_alignment=&#8221;default&#8221; tablet_text_alignment=&#8221;default&#8221; phone_text_alignment=&#8221;default&#8221; background_color_opacity=&#8221;1&#8243; background_hover_color_opacity=&#8221;1&#8243; column_backdrop_filter=&#8221;none&#8221; column_shadow=&#8221;none&#8221; column_border_radius=&#8221;none&#8221; column_link_target=&#8221;_self&#8221; column_position=&#8221;default&#8221; gradient_direction=&#8221;left_to_right&#8221; overlay_strength=&#8221;0.3&#8243; width=&#8221;1\/6&#8243; tablet_width_inherit=&#8221;default&#8221; animation_type=&#8221;default&#8221; bg_image_animation=&#8221;none&#8221; border_type=&#8221;simple&#8221; column_border_width=&#8221;none&#8221; column_border_style=&#8221;solid&#8221;][\/vc_column][\/vc_row]\n","protected":false},"excerpt":{"rendered":"<p>[vc_row type=&#8221;in_container&#8221; full_screen_row_position=&#8221;middle&#8221; column_margin=&#8221;default&#8221; column_direction=&#8221;default&#8221; column_direction_tablet=&#8221;default&#8221; column_direction_phone=&#8221;default&#8221; scene_position=&#8221;center&#8221; text_color=&#8221;dark&#8221; text_align=&#8221;left&#8221; row_border_radius=&#8221;none&#8221; row_border_radius_applies=&#8221;bg&#8221; overflow=&#8221;visible&#8221; overlay_strength=&#8221;0.3&#8243; gradient_direction=&#8221;left_to_right&#8221; shape_divider_position=&#8221;bottom&#8221; bg_image_animation=&#8221;none&#8221;][vc_column column_padding=&#8221;no-extra-padding&#8221; column_padding_tablet=&#8221;inherit&#8221; column_padding_phone=&#8221;inherit&#8221; column_padding_position=&#8221;all&#8221; column_element_direction_desktop=&#8221;default&#8221; column_element_spacing=&#8221;default&#8221; desktop_text_alignment=&#8221;default&#8221; tablet_text_alignment=&#8221;default&#8221; phone_text_alignment=&#8221;default&#8221; background_color_opacity=&#8221;1&#8243; background_hover_color_opacity=&#8221;1&#8243; column_backdrop_filter=&#8221;none&#8221; column_shadow=&#8221;none&#8221;&#8230;<\/p>\n","protected":false},"author":1,"featured_media":0,"parent":0,"menu_order":0,"comment_status":"closed","ping_status":"open","template":"","meta":{"inline_featured_image":false,"footnotes":""},"class_list":["post-24637","page","type-page","status-publish"],"yoast_head":"<!-- This site is optimized with the Yoast SEO plugin v24.5 - https:\/\/yoast.com\/wordpress\/plugins\/seo\/ -->\n<title>Recruitment information - Perris e Associati \u00ae<\/title>\n<meta name=\"robots\" content=\"index, follow, max-snippet:-1, max-image-preview:large, max-video-preview:-1\" \/>\n<link rel=\"canonical\" href=\"https:\/\/www.perriseassociati.com\/en\/recruitment-information\/\" \/>\n<meta property=\"og:locale\" content=\"en_US\" \/>\n<meta property=\"og:type\" content=\"article\" \/>\n<meta property=\"og:title\" content=\"Recruitment information - Perris e Associati \u00ae\" \/>\n<meta property=\"og:description\" content=\"[vc_row type=&#8221;in_container&#8221; full_screen_row_position=&#8221;middle&#8221; column_margin=&#8221;default&#8221; column_direction=&#8221;default&#8221; column_direction_tablet=&#8221;default&#8221; column_direction_phone=&#8221;default&#8221; scene_position=&#8221;center&#8221; text_color=&#8221;dark&#8221; text_align=&#8221;left&#8221; row_border_radius=&#8221;none&#8221; row_border_radius_applies=&#8221;bg&#8221; overflow=&#8221;visible&#8221; overlay_strength=&#8221;0.3&#8243; gradient_direction=&#8221;left_to_right&#8221; shape_divider_position=&#8221;bottom&#8221; bg_image_animation=&#8221;none&#8221;][vc_column column_padding=&#8221;no-extra-padding&#8221; column_padding_tablet=&#8221;inherit&#8221; column_padding_phone=&#8221;inherit&#8221; column_padding_position=&#8221;all&#8221; column_element_direction_desktop=&#8221;default&#8221; column_element_spacing=&#8221;default&#8221; desktop_text_alignment=&#8221;default&#8221; tablet_text_alignment=&#8221;default&#8221; phone_text_alignment=&#8221;default&#8221; background_color_opacity=&#8221;1&#8243; background_hover_color_opacity=&#8221;1&#8243; column_backdrop_filter=&#8221;none&#8221; column_shadow=&#8221;none&#8221;...\" \/>\n<meta property=\"og:url\" content=\"https:\/\/www.perriseassociati.com\/en\/recruitment-information\/\" \/>\n<meta property=\"og:site_name\" content=\"Perris e Associati \u00ae\" \/>\n<meta property=\"article:modified_time\" content=\"2024-11-27T16:46:14+00:00\" \/>\n<meta name=\"twitter:card\" content=\"summary_large_image\" \/>\n<meta name=\"twitter:label1\" content=\"Est. reading time\" \/>\n\t<meta name=\"twitter:data1\" content=\"3 minutes\" \/>\n<script type=\"application\/ld+json\" class=\"yoast-schema-graph\">{\"@context\":\"https:\/\/schema.org\",\"@graph\":[{\"@type\":\"WebPage\",\"@id\":\"https:\/\/www.perriseassociati.com\/en\/recruitment-information\/\",\"url\":\"https:\/\/www.perriseassociati.com\/en\/recruitment-information\/\",\"name\":\"Recruitment information - Perris e Associati \u00ae\",\"isPartOf\":{\"@id\":\"https:\/\/www.perriseassociati.com\/en\/#website\"},\"datePublished\":\"2024-11-27T16:35:59+00:00\",\"dateModified\":\"2024-11-27T16:46:14+00:00\",\"breadcrumb\":{\"@id\":\"https:\/\/www.perriseassociati.com\/en\/recruitment-information\/#breadcrumb\"},\"inLanguage\":\"en-US\",\"potentialAction\":[{\"@type\":\"ReadAction\",\"target\":[\"https:\/\/www.perriseassociati.com\/en\/recruitment-information\/\"]}]},{\"@type\":\"BreadcrumbList\",\"@id\":\"https:\/\/www.perriseassociati.com\/en\/recruitment-information\/#breadcrumb\",\"itemListElement\":[{\"@type\":\"ListItem\",\"position\":1,\"name\":\"Home\",\"item\":\"https:\/\/www.perriseassociati.com\/en\/\"},{\"@type\":\"ListItem\",\"position\":2,\"name\":\"Recruitment information\"}]},{\"@type\":\"WebSite\",\"@id\":\"https:\/\/www.perriseassociati.com\/en\/#website\",\"url\":\"https:\/\/www.perriseassociati.com\/en\/\",\"name\":\"Perris e Associati \u00ae\",\"description\":\"\",\"publisher\":{\"@id\":\"https:\/\/www.perriseassociati.com\/en\/#organization\"},\"potentialAction\":[{\"@type\":\"SearchAction\",\"target\":{\"@type\":\"EntryPoint\",\"urlTemplate\":\"https:\/\/www.perriseassociati.com\/en\/?s={search_term_string}\"},\"query-input\":{\"@type\":\"PropertyValueSpecification\",\"valueRequired\":true,\"valueName\":\"search_term_string\"}}],\"inLanguage\":\"en-US\"},{\"@type\":\"Organization\",\"@id\":\"https:\/\/www.perriseassociati.com\/en\/#organization\",\"name\":\"Perris e Associati \u00ae\",\"url\":\"https:\/\/www.perriseassociati.com\/en\/\",\"logo\":{\"@type\":\"ImageObject\",\"inLanguage\":\"en-US\",\"@id\":\"https:\/\/www.perriseassociati.com\/en\/#\/schema\/logo\/image\/\",\"url\":\"https:\/\/www.perriseassociati.com\/wp-content\/uploads\/2023\/05\/perris-logo.svg\",\"contentUrl\":\"https:\/\/www.perriseassociati.com\/wp-content\/uploads\/2023\/05\/perris-logo.svg\",\"width\":\"1024\",\"height\":\"1024\",\"caption\":\"Perris e Associati \u00ae\"},\"image\":{\"@id\":\"https:\/\/www.perriseassociati.com\/en\/#\/schema\/logo\/image\/\"}}]}<\/script>\n<!-- \/ Yoast SEO plugin. -->","yoast_head_json":{"title":"Recruitment information - Perris e Associati \u00ae","robots":{"index":"index","follow":"follow","max-snippet":"max-snippet:-1","max-image-preview":"max-image-preview:large","max-video-preview":"max-video-preview:-1"},"canonical":"https:\/\/www.perriseassociati.com\/en\/recruitment-information\/","og_locale":"en_US","og_type":"article","og_title":"Recruitment information - Perris e Associati \u00ae","og_description":"[vc_row type=&#8221;in_container&#8221; full_screen_row_position=&#8221;middle&#8221; column_margin=&#8221;default&#8221; column_direction=&#8221;default&#8221; column_direction_tablet=&#8221;default&#8221; column_direction_phone=&#8221;default&#8221; scene_position=&#8221;center&#8221; text_color=&#8221;dark&#8221; text_align=&#8221;left&#8221; row_border_radius=&#8221;none&#8221; row_border_radius_applies=&#8221;bg&#8221; overflow=&#8221;visible&#8221; overlay_strength=&#8221;0.3&#8243; gradient_direction=&#8221;left_to_right&#8221; shape_divider_position=&#8221;bottom&#8221; bg_image_animation=&#8221;none&#8221;][vc_column column_padding=&#8221;no-extra-padding&#8221; column_padding_tablet=&#8221;inherit&#8221; column_padding_phone=&#8221;inherit&#8221; column_padding_position=&#8221;all&#8221; column_element_direction_desktop=&#8221;default&#8221; column_element_spacing=&#8221;default&#8221; desktop_text_alignment=&#8221;default&#8221; tablet_text_alignment=&#8221;default&#8221; phone_text_alignment=&#8221;default&#8221; background_color_opacity=&#8221;1&#8243; background_hover_color_opacity=&#8221;1&#8243; column_backdrop_filter=&#8221;none&#8221; column_shadow=&#8221;none&#8221;...","og_url":"https:\/\/www.perriseassociati.com\/en\/recruitment-information\/","og_site_name":"Perris e Associati \u00ae","article_modified_time":"2024-11-27T16:46:14+00:00","twitter_card":"summary_large_image","twitter_misc":{"Est. reading time":"3 minutes"},"schema":{"@context":"https:\/\/schema.org","@graph":[{"@type":"WebPage","@id":"https:\/\/www.perriseassociati.com\/en\/recruitment-information\/","url":"https:\/\/www.perriseassociati.com\/en\/recruitment-information\/","name":"Recruitment information - Perris e Associati \u00ae","isPartOf":{"@id":"https:\/\/www.perriseassociati.com\/en\/#website"},"datePublished":"2024-11-27T16:35:59+00:00","dateModified":"2024-11-27T16:46:14+00:00","breadcrumb":{"@id":"https:\/\/www.perriseassociati.com\/en\/recruitment-information\/#breadcrumb"},"inLanguage":"en-US","potentialAction":[{"@type":"ReadAction","target":["https:\/\/www.perriseassociati.com\/en\/recruitment-information\/"]}]},{"@type":"BreadcrumbList","@id":"https:\/\/www.perriseassociati.com\/en\/recruitment-information\/#breadcrumb","itemListElement":[{"@type":"ListItem","position":1,"name":"Home","item":"https:\/\/www.perriseassociati.com\/en\/"},{"@type":"ListItem","position":2,"name":"Recruitment information"}]},{"@type":"WebSite","@id":"https:\/\/www.perriseassociati.com\/en\/#website","url":"https:\/\/www.perriseassociati.com\/en\/","name":"Perris e Associati \u00ae","description":"","publisher":{"@id":"https:\/\/www.perriseassociati.com\/en\/#organization"},"potentialAction":[{"@type":"SearchAction","target":{"@type":"EntryPoint","urlTemplate":"https:\/\/www.perriseassociati.com\/en\/?s={search_term_string}"},"query-input":{"@type":"PropertyValueSpecification","valueRequired":true,"valueName":"search_term_string"}}],"inLanguage":"en-US"},{"@type":"Organization","@id":"https:\/\/www.perriseassociati.com\/en\/#organization","name":"Perris e Associati \u00ae","url":"https:\/\/www.perriseassociati.com\/en\/","logo":{"@type":"ImageObject","inLanguage":"en-US","@id":"https:\/\/www.perriseassociati.com\/en\/#\/schema\/logo\/image\/","url":"https:\/\/www.perriseassociati.com\/wp-content\/uploads\/2023\/05\/perris-logo.svg","contentUrl":"https:\/\/www.perriseassociati.com\/wp-content\/uploads\/2023\/05\/perris-logo.svg","width":"1024","height":"1024","caption":"Perris e Associati \u00ae"},"image":{"@id":"https:\/\/www.perriseassociati.com\/en\/#\/schema\/logo\/image\/"}}]}},"_links":{"self":[{"href":"https:\/\/www.perriseassociati.com\/en\/wp-json\/wp\/v2\/pages\/24637","targetHints":{"allow":["GET"]}}],"collection":[{"href":"https:\/\/www.perriseassociati.com\/en\/wp-json\/wp\/v2\/pages"}],"about":[{"href":"https:\/\/www.perriseassociati.com\/en\/wp-json\/wp\/v2\/types\/page"}],"author":[{"embeddable":true,"href":"https:\/\/www.perriseassociati.com\/en\/wp-json\/wp\/v2\/users\/1"}],"replies":[{"embeddable":true,"href":"https:\/\/www.perriseassociati.com\/en\/wp-json\/wp\/v2\/comments?post=24637"}],"version-history":[{"count":4,"href":"https:\/\/www.perriseassociati.com\/en\/wp-json\/wp\/v2\/pages\/24637\/revisions"}],"predecessor-version":[{"id":24644,"href":"https:\/\/www.perriseassociati.com\/en\/wp-json\/wp\/v2\/pages\/24637\/revisions\/24644"}],"wp:attachment":[{"href":"https:\/\/www.perriseassociati.com\/en\/wp-json\/wp\/v2\/media?parent=24637"}],"curies":[{"name":"wp","href":"https:\/\/api.w.org\/{rel}","templated":true}]}}